{"id":323,"date":"2020-04-15T22:36:00","date_gmt":"2020-04-15T20:36:00","guid":{"rendered":"https:\/\/www.lestudiodefaillouel.fr\/?page_id=323"},"modified":"2020-04-15T23:01:43","modified_gmt":"2020-04-15T21:01:43","slug":"calimucho","status":"publish","type":"page","link":"https:\/\/www.lestudiodefaillouel.fr\/index.php\/club-des-artistes\/calimucho\/","title":{"rendered":"Calimucho"},"content":{"rendered":"\n<h4>Introduction<\/h4>\n\n\n\n<div class=\"wp-block-image\"><figure class=\"alignright size-large is-resized\"><img decoding=\"async\" loading=\"lazy\" src=\"https:\/\/www.lestudiodefaillouel.fr\/wp-content\/uploads\/2020\/04\/calimucho-logo-1.jpg\" alt=\"\" class=\"wp-image-324\" width=\"275\" height=\"275\" srcset=\"https:\/\/www.lestudiodefaillouel.fr\/wp-content\/uploads\/2020\/04\/calimucho-logo-1.jpg 741w, https:\/\/www.lestudiodefaillouel.fr\/wp-content\/uploads\/2020\/04\/calimucho-logo-1-300x300.jpg 300w, https:\/\/www.lestudiodefaillouel.fr\/wp-content\/uploads\/2020\/04\/calimucho-logo-1-150x150.jpg 150w, https:\/\/www.lestudiodefaillouel.fr\/wp-content\/uploads\/2020\/04\/calimucho-logo-1-640x640.jpg 640w, https:\/\/www.lestudiodefaillouel.fr\/wp-content\/uploads\/2020\/04\/calimucho-logo-1-180x180.jpg 180w, https:\/\/www.lestudiodefaillouel.fr\/wp-content\/uploads\/2020\/04\/calimucho-logo-1-560x560.jpg 560w\" sizes=\"(max-width: 275px) 100vw, 275px\" \/><\/figure><\/div>\n\n\n\n<p class=\"has-text-color has-white-color\">Calimucho est un groupe de musique punk-rock, originaire de Tergnier (Aisne, Picardie), qui a d\u00e9but\u00e9 en 1995 dans une premi\u00e8re configuration avec quelques f\u00eates et concerts. D\u00e9but 2015, le groupe retrouve le chemin des Caves \u00e0 Musique et reprend les r\u00e9p\u00e9titions. En 2017, Calimucho entame une \u00ab&nbsp;tourn\u00e9e&nbsp;g\u00e9n\u00e9rale&nbsp;\u00bb avec des dates dans des bars de Saint-Quentin, Amiens, Ch\u00e2teau-Thierry, avec un passage d\u00e9sormais oblig\u00e9 chez l\u2019ami XN au Petit Troquet \u00e0 Fargniers. En 2018, un EP promo A Donf sort avec les deux clips issus Fais Non et Vide Ton Casier.<\/p>\n\n\n\n<h4>Fiche descriptive<\/h4>\n\n\n\n<figure class=\"wp-block-table is-style-regular\"><table><tbody><tr><td>Formation :<\/td><td>Groupe de Punk-Rock<\/td><\/tr><tr><td>Style (Compos \/ Cover \/ Tribute)  : <\/td><td>Compositions<\/td><\/tr><tr><td>Influences musicales<\/td><td>B\u00e9rurier Noir, Les Sales Majest\u00e9s, Guerilla Poubelle, Les Cadavres&#8230;<\/td><\/tr><tr><td>Mobilit\u00e9 :<\/td><td>Haut de France : +\/- 100 km de Fargniers (02)<\/td><\/tr><tr><td>Equipe (Musicien(ne)(s) + Technicien(ne)(s) ) :<\/td><td>4 musiciens<\/td><\/tr><tr><td>Forme juridique \/ Tarif * :<\/td><td>Association loi 1901 \/ tarif niveau 1<\/td><\/tr><tr><td>Prestations propos\u00e9es<\/td><td>Bars et festivals<\/td><\/tr><tr><td>Fiche technique<\/td><td>Oui sur demande<\/td><\/tr><\/tbody><\/table><\/figure>\n\n\n\n<p style=\"font-size:11px\">* le tarif est communiqu\u00e9 \u00e0 titre indicatif ( niveau 1 : inf \u00e0 500\u20ac, niveau 2 : inf \u00e0 1000\u20ac, niveau 3 : sup \u00e0 1000\u20ac ). Le site n&#8217;a pas vocation de n\u00e9gociation entre l&#8217;organisateur et l&#8217;artiste.<\/p>\n\n\n\n<h4>Pr\u00e9sentation<\/h4>\n\n\n\n<p>Calimucho est un groupe de musique punk-rock, originaire de Tergnier (Aisne, Picardie), qui a d\u00e9but\u00e9 en 1995 dans une premi\u00e8re configuration avec quelques f\u00eates et concerts. Xavier Swartvagher (guitare-chant), Ludovic Candini (basse) et S\u00e9bastien Blondel (guitare-chant), membres fondateurs du groupe, qui tient son appellation d&#8217;un cocktail &#8220;\u00e9conomique&#8221; d\u00e9couvert par ces jeunes \u00e9tudiants \u00e0 Reims, trouvent leur rythme de croisi\u00e8re avec l&#8217;arriv\u00e9e de J\u00e9r\u00e9my &#8220;Gooshy&#8221; Rodrigues \u00e0 la batterie<\/p>\n\n\n\n<p><br>Le quatuor, qui r\u00e9p\u00e8te dans les locaux des Caves \u00e0 Musique de Fargniers, pr\u00e9pare un set qu&#8217;il fera appr\u00e9cier au public axonais entre janvier 1997 et juillet 1998. Apr\u00e8s une premi\u00e8re surprenante et marquante dans un Bar de La F\u00e8re (02), Calimucho est appel\u00e9 \u00e0 monter sur la sc\u00e8ne de la premi\u00e8re \u00e9dition du &#8220;Cri du Singe&#8221; organis\u00e9 par &#8220;Espaces Musiques&#8221; \u00e0 Chauny (02). Ce soir du 31 janvier 1998, les &#8220;Calimucho&#8221; partagent l&#8217;affiche avec &#8220;Juniper&#8221; de Poitiers, &#8220;Soleil Noir&#8221; de Laon, &#8220;K. Nalize&#8221; de Chauny, et &#8220;Cacao&#8221; (Chauny \u00e9galement) futur repr\u00e9sentant de la Picardie au Printemps de Bourges.<br>D&#8217;influence marqu\u00e9e par &#8220;B\u00e9rurier Noir&#8221;, &#8220;Nirvana&#8221;, &#8220;The Clash&#8221; ou &#8220;Red Hot Chili Peppers&#8221;, Calimucho reprend quelques standards comme &#8220;Should I Stay Or Should I Go&#8221; des Clash, &#8220;Knockin&#8217; On Heaven&#8217;s Door&#8221; de Dylan version Guns N&#8217;Roses, &#8220;I Wanna Be Your Dog&#8221; des Stooges, &#8220;Destruction&#8221; de Cyco Miko, &#8220;L&#8217;Empereur Tomato Ketchup&#8221; des Beru ou revisite l&#8217;entra\u00eenant &#8220;Il Jouait du Piano Debout&#8221; de Michel Berger. Sur sc\u00e8ne, plusieurs morceaux phares du groupe (Kapitalist&#8221;, &#8220;Go My Way&#8221;, &#8220;No Place For Losers&#8221;, &#8220;Int\u00e9gration&#8221; ou &#8220;For You&#8221;) sont repris par un groupe de fans qui s&#8217;emballe dans le morceau final jou\u00e9 lors de tous les sets, &#8220;A Poils Leon&#8221;, co-\u00e9crit et chant\u00e9 par le bassiste du groupe, Ludovic Candini, aujourd&#8217;hui chanteur des &#8220;Moiti\u00e9s d&#8217;Cons&#8221;.<\/p>\n\n\n\n<p><br>Apr\u00e8s avoir int\u00e9gr\u00e9 l&#8217;association &#8220;Zenon Organisation&#8221; en 1999 et jou\u00e9 en premi\u00e8re partie des Auxerrois des &#8220;Flys&#8221; le 30 janvier \u00e0 Beautor (02), Calimucho \u00e9cume quelques bars en ce d\u00e9but d&#8217;ann\u00e9e et termine sa tourn\u00e9e le vendredi 2 juillet 1999 lors de l&#8217;ouverture de la f\u00eate des Cheminots de Tergnier. C\u2019est la fin du groupe.<\/p>\n\n\n\n<p><br>Mais d\u00e9but 2015, le groupe retrouve le chemin des Caves \u00e0 Musique et reprend les r\u00e9p\u00e9titions. Deux des membres d&#8217;origine sont toujours dans l&#8217;affaire, Ludovic Candini et Xavier Swartvagher, J\u00e9r\u00e9my &#8220;Gooshy&#8221; Rodrigues restant \u00e0 la batterie. A la guitare, Irvin Lemaire se joint au groupe qui donne son premier concert depuis 17 ans \u00e0 Quessy-Cit\u00e9, lors de la f\u00eate des cheminots le 1er juillet 2016, 17 ans jour pour jour, au m\u00eame endroit, apr\u00e8s l&#8217;arr\u00eat du groupe. C&#8217;est le d\u00e9but de la tourn\u00e9e intitul\u00e9e &#8220;The Retour&#8221; qui conduit les \u00ab Cali \u00bb \u00e0 la F\u00eate de l\u2019Humanit\u00e9 \u00e0 La Courneuve (stand de Tergnier).<\/p>\n\n\n\n<p><br>En 2017, Calimucho entame une \u00ab tourn\u00e9e g\u00e9n\u00e9rale \u00bb avec des dates dans des bars de Saint-Quentin, Amiens, Ch\u00e2teau-Thierry, avec un passage d\u00e9sormais oblig\u00e9 chez l\u2019ami XN au Petit Troquet \u00e0 Fargniers. Le groupe joue une grande partie des morceaux de l\u2019\u00e9poque, mais pr\u00e9sente aussi de nouvelles compositions comme \u00ab Fais Non \u00bb, \u00ab Vide Ton Casier \u00bb ou \u00ab Think \u00bb. D\u2019autres reprises sont \u00e9galement jou\u00e9es sur sc\u00e8ne, avec toujours du B\u00e9ru (\u00ab H\u00e9l\u00e8ne et le Sang \u00bb) mais aussi \u00ab Elsa Fraulein \u00bb des Porte-Mantaux ou \u00ab Camarade \u00bb des Sales Majest\u00e9s.<\/p>\n\n\n\n<p><br>Serge Anton, des Darons, prend la guitare sur le dernier concert de l&#8217;ann\u00e9e au Petit Troquet. Et en 2018, Hadrien Manoury remplace Irvin \u00e0 la guitare. Ancien membre de Maldito Rapaz, il joue son premier concert \u00e0 Beautor le 21 avril.<br>Calimucho sort un EP de promotion \u00ab A Donf \u00bb, avec 10 titres. Fais Non et Vide Ton Casier font l\u2019objet d\u2019un clip.<br>En 2019, Calimucho ouvre la premi\u00e8re \u00e9dition de L\u2019Arsenal Rock Festival de Beautor avec Les Sales Majest\u00e9s, Guerilla Poubelle, Diego Pallavas ou encore Stygmate \u00e0 l\u2019affiche.<\/p>\n\n\n\n<p><br>En 2020, apr\u00e8s une nouvelle prestation au Petit Troquet \u00e0 Fargniers, Hadrien quitte le groupe qui d\u00e9bute alors une nouvelle s\u00e9ance d\u2019enregistrement aux Caves \u00e0 musiques de Tergnier.<\/p>\n\n\n\n<h4>Demo \/ Maquette :<\/h4>\n\n\n\n<figure class=\"wp-block-embed-youtube wp-block-embed is-type-video is-provider-youtube\"><div class=\"wp-block-embed__wrapper\">\n<iframe loading=\"lazy\" title=\"Calimucho au Petit Troquet\" width=\"990\" height=\"557\" src=\"https:\/\/www.youtube.com\/embed\/l7KIPPIDQYQ?start=5684&#038;feature=oembed\" frameborder=\"0\" allow=\"accelerometer; autoplay; encrypted-media; gyroscope; picture-in-picture\" allowfullscreen><\/iframe>\n<\/div><\/figure>\n\n\n\n<h4>Liens externes :<\/h4>\n\n\n\n<p>Facebook : <a href=\"https:\/\/www.facebook.com\/lescalimucho\/\" target=\"_blank\" rel=\"noreferrer noopener\">Page Facebook<\/a><\/p>\n\n\n\n<p>Youtube : <a href=\"https:\/\/youtu.be\/9J53aRr_BgU\" target=\"_blank\" rel=\"noreferrer noopener\">Vide ton casier (Clip officiel)<\/a><\/p>\n\n\n\n<p>Site internet : <a href=\"https:\/\/calimucho.clubeo.com\/\" target=\"_blank\" rel=\"noreferrer noopener\">https:\/\/calimucho.clubeo.com\/<\/a><\/p>\n\n\n\n<p>SoundCloud : <a rel=\"noreferrer noopener\" href=\"https:\/\/soundcloud.com\/xav-swart\/tracks\" target=\"_blank\">https:\/\/soundcloud.com\/xav-swart\/tracks<\/a><\/p>\n\n\n\t\t\t<link rel=\"stylesheet\" property=\"stylesheet\" href=\"https:\/\/www.lestudiodefaillouel.fr\/wp-content\/plugins\/happyforms-upgrade\/inc\/assets\/css\/frontend\/layout.css?ver=1.17.0\" \/>\n\t\t\t\t\t\t<link rel=\"stylesheet\" property=\"stylesheet\" href=\"https:\/\/www.lestudiodefaillouel.fr\/wp-content\/plugins\/happyforms-upgrade\/inc\/assets\/css\/frontend\/color.css?ver=1.17.0\" \/>\n\t\t\t\t\t\t<link rel=\"stylesheet\" property=\"stylesheet\" href=\"https:\/\/www.lestudiodefaillouel.fr\/wp-content\/plugins\/happyforms-upgrade\/inc\/assets\/css\/frontend\/rank-order.css?1.17.0\" \/>\n\t\t\t\t\t\t<link rel=\"stylesheet\" property=\"stylesheet\" href=\"https:\/\/www.lestudiodefaillouel.fr\/wp-content\/plugins\/happyforms-upgrade\/inc\/assets\/css\/frontend\/poll.css?1.17.0\" \/>\n\t\t\t\t<!-- HappyForms CSS variables -->\n\t<style>\n\t#happyforms-329 {\n\t\t--happyforms-form-width: 100%;\n--happyforms-form-title-font-size: 21px;\n--happyforms-part-title-font-size: 13px;\n--happyforms-part-description-font-size: 13px;\n--happyforms-part-value-font-size: 13px;\n--happyforms-submit-button-font-size: 18px;\n--happyforms-color-primary: #e2e2e2;\n--happyforms-color-success-notice: #302d2a;\n--happyforms-color-success-notice-text: #1eb452;\n--happyforms-color-error: #ff4200;\n--happyforms-color-error-notice: #ff5930;\n--happyforms-color-error-notice-text: #930900;\n--happyforms-color-part-title: #efefef;\n--happyforms-color-part-value: #ffffff;\n--happyforms-color-part-placeholder: #7a7a7a;\n--happyforms-color-part-description: #454545;\n--happyforms-color-part-border: #000a7a;\n--happyforms-color-part-border-focus: #407fff;\n--happyforms-color-part-background: #053f54;\n--happyforms-color-part-background-focus: #014ea5;\n--happyforms-color-submit-background: #407fff;\n--happyforms-color-submit-background-hover: #3567cc;\n--happyforms-color-submit-border: transparent;\n--happyforms-color-submit-text: #ffffff;\n--happyforms-color-submit-text-hover: #ffffff;\n--happyforms-color-rating: #cccccc;\n--happyforms-color-rating-hover: #f39c00;\n--happyforms-color-table-row-odd: #fcfcfc;\n--happyforms-color-table-row-even: #efefef;\n--happyforms-color-table-row-odd-text: #000000;\n--happyforms-color-table-row-even-text: #000000;\n--happyforms-color-divider-hr: #cccccc;\n--happyforms-color-choice-checkmark-bg: #ffffff;\n--happyforms-color-choice-checkmark-bg-focus: #ededed;\n--happyforms-color-choice-checkmark-color: #141414;\n--happyforms-color-dropdown-item-bg: #aaaaaa;\n--happyforms-color-dropdown-item-text: #000000;\n--happyforms-color-dropdown-item-bg-hover: #dbdbdb;\n--happyforms-color-dropdown-item-text-hover: #000000;\n--happyforms-color-progress-bar-primary: #e6e6e6;\n--happyforms-color-progress-bar-primary-bg: #ffffff;\n--happyforms-color-progress-bar-secondary: #000000;\n--happyforms-color-progress-bar-text-primary: #ABABAB;\n--happyforms-color-progress-bar-text-secondary: #ffffff;\n--happyforms-color-multistep-previous-background: #dfdfdf;\n--happyforms-color-multistep-previous-background-hover: #cdcdcd;\n--happyforms-color-multistep-previous-text: #000000;\n--happyforms-color-multistep-previous-text-hover: #000000;\n--happyforms-poll-bar-color: #407fff;\n--happyforms-poll-link-color: #407fff;\n--happyforms-poll-winner-color: #ffffff;\n\t}\n\t<\/style>\n\t<!-- End of HappyForms CSS variables -->\n\t<div class=\"happyforms-form happyforms-styles happyforms-form--part-borders-bottom-only happyforms-form--part-outer-padding-narrow happyforms-form--part-inner-padding-narrow\" id=\"happyforms-329\">\n\t<h3 class=\"happyforms-form__title\">Contact Groupe Calimucho<\/h3>\n\t<form action=\"\" id=\"happyforms-form-329\" method=\"post\" novalidate=\"true\">\n\t\t\t\t<div data-happyforms-type=\"client_info\">\n\t\t\t\t\t\t<input type=\"hidden\" name=\"client_info[date]\" \/>\n\t\t\t<input type=\"hidden\" name=\"client_info[timezone]\" \/>\n\t\t\t<input type=\"hidden\" name=\"client_info[platform]\" \/>\n\t\t\t<input type=\"hidden\" name=\"client_info[language]\" \/>\n\t\t\t\t\t\t<input type=\"hidden\" name=\"client_info[referer]\" \/>\n\t\t<\/div>\n\t\t\n\t\t\t<input type=\"hidden\" name=\"action\" value=\"happyforms_message\">\n\t\t\t\t<input type=\"hidden\" name=\"happyforms_form_id\" value=\"329\" \/>\n\t\t\t<input type=\"hidden\" id=\"happyforms_message_nonce\" name=\"happyforms_message_nonce\" value=\"714bc2bb8f\" \/><input type=\"hidden\" name=\"_wp_http_referer\" value=\"\/index.php\/wp-json\/wp\/v2\/pages\/323\" \/>\t\t\t<input type=\"hidden\" name=\"happyforms_step\" value=\"0\" \/>\n\t\n\t\t<div class=\"happyforms-flex\">\n\t\t\t\t\t\t\t<label>\n\t\t<input type=\"checkbox\" name=\"329single_line_text_-1\" value=\"1\" style=\"display: none;\" tabindex=\"-1\" autocomplete=\"off\"> <span class=\"screen-reader-text\">Spam protection, skip this field<\/span>\n\t<\/label>\n\t\t\t\t\t\t\t\t\t\t<div class=\"happyforms-form__part happyforms-part happyforms-part--single_line_text happyforms-part--width-half happyforms-part--label-above\" id=\"happyforms-329_single_line_text_0-part\" data-happyforms-type=\"single_line_text\" data-happyforms-id=\"single_line_text_0\" data-happyforms-required=\"\">\n\t<div class=\"happyforms-part-wrap\">\n\t\t\n\t\t\t\t\t\t<div class=\"happyforms-part__label-container\">\n\t\t<label for=\"happyforms-329_single_line_text_0\" class=\"happyforms-part__label\">\n\t\t\t<span class=\"label\">Pr\u00e9nom<\/span>\n\t\t\t\t\t\t\t\t\t\t<span class=\"happyforms-optional\">(optional)<\/span>\n\t\t\t\t\t\t\t\t<\/label>\n\t<\/div>\n\t\t\t\n\t\t<div class=\"happyforms-part__el\">\n\t\t\t\n\t\t\t\n\t\t\t<div class=\"happyforms-input\">\n\t\t\t\t\n\t\t\t\t<input id=\"happyforms-329_single_line_text_0\" type=\"text\" name=\"329_single_line_text_0\" value=\"\" placeholder=\"\"  \/>\n\t\t\t\t\t\t\t<\/div>\n\n\t\t\t\n\t\t\t\n\t\t\t\t\t\t\t\t\t\t<span class=\"happyforms-part__description\"><\/span>\n\t\t\t\t\n\t\t\t\t\t<\/div>\n\t<\/div>\n<\/div>\n<div class=\"happyforms-form__part happyforms-part happyforms-part--single_line_text happyforms-part--width-half happyforms-part--label-above\" id=\"happyforms-329_single_line_text_1-part\" data-happyforms-type=\"single_line_text\" data-happyforms-id=\"single_line_text_1\" data-happyforms-required=\"\">\n\t<div class=\"happyforms-part-wrap\">\n\t\t\n\t\t\t\t\t\t<div class=\"happyforms-part__label-container\">\n\t\t<label for=\"happyforms-329_single_line_text_1\" class=\"happyforms-part__label\">\n\t\t\t<span class=\"label\">Nom<\/span>\n\t\t\t\t\t\t\t\t\t\t<span class=\"happyforms-optional\">(optional)<\/span>\n\t\t\t\t\t\t\t\t<\/label>\n\t<\/div>\n\t\t\t\n\t\t<div class=\"happyforms-part__el\">\n\t\t\t\n\t\t\t\n\t\t\t<div class=\"happyforms-input\">\n\t\t\t\t\n\t\t\t\t<input id=\"happyforms-329_single_line_text_1\" type=\"text\" name=\"329_single_line_text_1\" value=\"\" placeholder=\"\"  \/>\n\t\t\t\t\t\t\t<\/div>\n\n\t\t\t\n\t\t\t\n\t\t\t\t\t\t\t\t\t\t<span class=\"happyforms-part__description\"><\/span>\n\t\t\t\t\n\t\t\t\t\t<\/div>\n\t<\/div>\n<\/div>\n<div class=\"happyforms-part--with-autocomplete happyforms-form__part happyforms-part happyforms-part--email happyforms-part--width-full happyforms-part--label-above\" id=\"happyforms-329_email_5-part\" data-mode=\"autocomplete\" data-happyforms-type=\"email\" data-happyforms-id=\"email_5\" data-happyforms-required=\"\">\n\t\t<div class=\"happyforms-part-wrap\">\n\t\t\t\t\t\t<div class=\"happyforms-part__label-container\">\n\t\t<label for=\"happyforms-329_email_5\" class=\"happyforms-part__label\">\n\t\t\t<span class=\"label\">Email<\/span>\n\t\t\t\t\t\t\t\t\t\t<span class=\"happyforms-optional\">(optional)<\/span>\n\t\t\t\t\t\t\t\t<\/label>\n\t<\/div>\n\t\t\t\n\t\t<div class=\"happyforms-part__el\">\n\t\t\t\n\t\t\t\t\t\t\t<input type=\"hidden\" name=\"329_email_5\" value=\"\" data-serialize \/>\n\n\t\t\t\t<input type=\"email\" name=\"happyforms-329_email_5_dummy_1777540678\" id=\"happyforms-329_email_5\" value=\"\" autocomplete=\"none\" placeholder=\"\"  \/>\n\n\t\t\t\t\t\t\t\n\t\t\t<ul class=\"happyforms-custom-select-dropdown\">\n\t<li class=\"happyforms-custom-select-dropdown__placeholder\" data-value=\"\"><\/li>\n\t\t<\/ul>\n\n\t\t\t\t\t\t\t\t\t\t<span class=\"happyforms-part__description\"><\/span>\n\t\t\t\t\n\t\t\t\n\t\t\t\t\t<\/div>\n\t<\/div>\n\t<\/div>\n<div class=\"happyforms-form__part happyforms-part happyforms-part--number happyforms-part--width-full happyforms-part--label-above\" id=\"happyforms-329_number_7-part\" data-happyforms-type=\"number\" data-happyforms-id=\"number_7\">\n\t<div class=\"happyforms-part-wrap\">\n\t\t\n\t\t\t\t\t\t<div class=\"happyforms-part__label-container\">\n\t\t<label for=\"happyforms-329_number_7\" class=\"happyforms-part__label\">\n\t\t\t<span class=\"label\">T\u00e9l\u00e9phone (0102030405) sans +33<\/span>\n\t\t\t\t\t\t\t\t\t\t<span class=\"happyforms-optional\">(optional)<\/span>\n\t\t\t\t\t\t\t\t<\/label>\n\t<\/div>\n\t\t\t\n\t\t<div class=\"happyforms-part__el\">\n\t\t\t\n\t\t\t\n\t\t\t<div class=\"happyforms-input\">\n\t\t\t\t\t\t\t\t<input id=\"happyforms-329_number_7\" type=\"number\" value=\"\" name=\"329_number_7\" placeholder=\"\" min=\"100000000\" max=\"999999999\"  \/>\n\t\t\t\t\t\t\t<\/div>\n\n\t\t\t\n\t\t\t\n\t\t\t\t\t\t\t\t\t\t<span class=\"happyforms-part__description\"><\/span>\n\t\t\t\t\n\t\t\t\t\t<\/div>\n\t<\/div>\n\t<\/div>\n<div class=\"happyforms-form__part happyforms-part happyforms-part--multi_line_text happyforms-part--width-full happyforms-part--label-above\" id=\"happyforms-329_multi_line_text_4-part\" data-happyforms-type=\"multi_line_text\" data-happyforms-id=\"multi_line_text_4\" data-happyforms-required=\"\">\n\t<div class=\"happyforms-part-wrap\">\n\t\t\t\t\t\t<div class=\"happyforms-part__label-container\">\n\t\t<label for=\"happyforms-329_multi_line_text_4\" class=\"happyforms-part__label\">\n\t\t\t<span class=\"label\">Votre message<\/span>\n\t\t\t\t\t\t\t\t\t\t<span class=\"happyforms-optional\">(optional)<\/span>\n\t\t\t\t\t\t\t\t<\/label>\n\t<\/div>\n\t\t\t\n\t\t<div class=\"happyforms-part__el\">\n\t\t\t\n\t\t\t\n\t\t\t<textarea id=\"happyforms-329_multi_line_text_4\" name=\"329_multi_line_text_4\" rows=\"5\" placeholder=\"\" ><\/textarea>\n\t\t\t\n\t\t\t\n\t\t\t\n\t\t\t\t\t\t\t\t\t\t<span class=\"happyforms-part__description\"><\/span>\n\t\t\t\t\n\t\t\t\t\t<\/div>\n\t<\/div>\n<\/div>\n\t\t\t\t<div class=\"happyforms-form__part happyforms-part happyforms-part--recaptcha happyforms-recaptcha-v3\" data-sitekey=\"6Lc8lqcZAAAAAKMJ_13QmG0Sx0_G-n2XRxEuFpBt\" data-happyforms-type=\"recaptcha\" data-theme=\"light\">\n\t\t\t\t<div class=\"happyforms-part-wrap\" id=\"happyforms-329-recaptcha\"><\/div>\n\n\t\t\t<\/div>\n\t\t\t\t<div class=\"happyforms-form__part happyforms-part happyforms-part--submit\">\n\t\t<input type=\"submit\" class=\"happyforms-submit happyforms-button--submit \" value=\"Envoyer\">\n\t<\/div>\t\t<\/div>\n\n\t\t\t<\/form>\n\n\t<\/div>\n","protected":false},"excerpt":{"rendered":"<p>Introduction Calimucho est un groupe de musique punk-rock, originaire de Tergnier (Aisne, Picardie), qui a d\u00e9but\u00e9 en 1995 dans une premi\u00e8re configuration avec quelques f\u00eates et concerts. D\u00e9but 2015, le<a href=\"https:\/\/www.lestudiodefaillouel.fr\/index.php\/club-des-artistes\/calimucho\/\" class=\"more-link\"><span class=\"readmore\">Continue reading<span class=\"screen-reader-text\">Calimucho<\/span><\/span><\/a><\/p>\n","protected":false},"author":2,"featured_media":324,"parent":52,"menu_order":0,"comment_status":"closed","ping_status":"closed","template":"","meta":[],"yoast_head":"<!-- This site is optimized with the Yoast SEO plugin v14.9 - https:\/\/yoast.com\/wordpress\/plugins\/seo\/ -->\n<title>Calimucho - Le Studio de Faillouel<\/title>\n<meta name=\"robots\" content=\"index, follow, max-snippet:-1, max-image-preview:large, max-video-preview:-1\" \/>\n<link rel=\"canonical\" href=\"https:\/\/www.lestudiodefaillouel.fr\/index.php\/club-des-artistes\/calimucho\/\" \/>\n<meta property=\"og:locale\" content=\"fr_FR\" \/>\n<meta property=\"og:type\" content=\"article\" \/>\n<meta property=\"og:title\" content=\"Calimucho - Le Studio de Faillouel\" \/>\n<meta property=\"og:description\" content=\"Introduction Calimucho est un groupe de musique punk-rock, originaire de Tergnier (Aisne, Picardie), qui a d\u00e9but\u00e9 en 1995 dans une premi\u00e8re configuration avec quelques f\u00eates et concerts. D\u00e9but 2015, leContinue readingCalimucho\" \/>\n<meta property=\"og:url\" content=\"https:\/\/www.lestudiodefaillouel.fr\/index.php\/club-des-artistes\/calimucho\/\" \/>\n<meta property=\"og:site_name\" content=\"Le Studio de Faillouel\" \/>\n<meta property=\"article:publisher\" content=\"https:\/\/www.facebook.com\/lestudiodefaillouel\" \/>\n<meta property=\"article:modified_time\" content=\"2020-04-15T21:01:43+00:00\" \/>\n<meta property=\"og:image\" content=\"https:\/\/www.lestudiodefaillouel.fr\/wp-content\/uploads\/2020\/04\/calimucho-logo-1.jpg\" \/>\n\t<meta property=\"og:image:width\" content=\"741\" \/>\n\t<meta property=\"og:image:height\" content=\"741\" \/>\n<meta name=\"twitter:card\" content=\"summary_large_image\" \/>\n<script type=\"application\/ld+json\" class=\"yoast-schema-graph\">{\"@context\":\"https:\/\/schema.org\",\"@graph\":[{\"@type\":\"Organization\",\"@id\":\"https:\/\/www.lestudiodefaillouel.fr\/#organization\",\"name\":\"Le Studio de Faillou\\u00ebl\",\"url\":\"https:\/\/www.lestudiodefaillouel.fr\/\",\"sameAs\":[\"https:\/\/www.facebook.com\/lestudiodefaillouel\"],\"logo\":{\"@type\":\"ImageObject\",\"@id\":\"https:\/\/www.lestudiodefaillouel.fr\/#logo\",\"inLanguage\":\"fr-FR\",\"url\":\"https:\/\/www.lestudiodefaillouel.fr\/wp-content\/uploads\/2020\/01\/logo_lsf.png\",\"width\":1272,\"height\":1185,\"caption\":\"Le Studio de Faillou\\u00ebl\"},\"image\":{\"@id\":\"https:\/\/www.lestudiodefaillouel.fr\/#logo\"}},{\"@type\":\"WebSite\",\"@id\":\"https:\/\/www.lestudiodefaillouel.fr\/#website\",\"url\":\"https:\/\/www.lestudiodefaillouel.fr\/\",\"name\":\"Le Studio de Faillouel\",\"description\":\"Notre passion, c&#039;est le son\",\"publisher\":{\"@id\":\"https:\/\/www.lestudiodefaillouel.fr\/#organization\"},\"potentialAction\":[{\"@type\":\"SearchAction\",\"target\":\"https:\/\/www.lestudiodefaillouel.fr\/?s={search_term_string}\",\"query-input\":\"required name=search_term_string\"}],\"inLanguage\":\"fr-FR\"},{\"@type\":\"ImageObject\",\"@id\":\"https:\/\/www.lestudiodefaillouel.fr\/index.php\/club-des-artistes\/calimucho\/#primaryimage\",\"inLanguage\":\"fr-FR\",\"url\":\"https:\/\/www.lestudiodefaillouel.fr\/wp-content\/uploads\/2020\/04\/calimucho-logo-1.jpg\",\"width\":741,\"height\":741},{\"@type\":\"WebPage\",\"@id\":\"https:\/\/www.lestudiodefaillouel.fr\/index.php\/club-des-artistes\/calimucho\/#webpage\",\"url\":\"https:\/\/www.lestudiodefaillouel.fr\/index.php\/club-des-artistes\/calimucho\/\",\"name\":\"Calimucho - Le Studio de Faillouel\",\"isPartOf\":{\"@id\":\"https:\/\/www.lestudiodefaillouel.fr\/#website\"},\"primaryImageOfPage\":{\"@id\":\"https:\/\/www.lestudiodefaillouel.fr\/index.php\/club-des-artistes\/calimucho\/#primaryimage\"},\"datePublished\":\"2020-04-15T20:36:00+00:00\",\"dateModified\":\"2020-04-15T21:01:43+00:00\",\"inLanguage\":\"fr-FR\",\"potentialAction\":[{\"@type\":\"ReadAction\",\"target\":[\"https:\/\/www.lestudiodefaillouel.fr\/index.php\/club-des-artistes\/calimucho\/\"]}]}]}<\/script>\n<!-- \/ Yoast SEO plugin. -->","_links":{"self":[{"href":"https:\/\/www.lestudiodefaillouel.fr\/index.php\/wp-json\/wp\/v2\/pages\/323"}],"collection":[{"href":"https:\/\/www.lestudiodefaillouel.fr\/index.php\/wp-json\/wp\/v2\/pages"}],"about":[{"href":"https:\/\/www.lestudiodefaillouel.fr\/index.php\/wp-json\/wp\/v2\/types\/page"}],"author":[{"embeddable":true,"href":"https:\/\/www.lestudiodefaillouel.fr\/index.php\/wp-json\/wp\/v2\/users\/2"}],"replies":[{"embeddable":true,"href":"https:\/\/www.lestudiodefaillouel.fr\/index.php\/wp-json\/wp\/v2\/comments?post=323"}],"version-history":[{"count":3,"href":"https:\/\/www.lestudiodefaillouel.fr\/index.php\/wp-json\/wp\/v2\/pages\/323\/revisions"}],"predecessor-version":[{"id":330,"href":"https:\/\/www.lestudiodefaillouel.fr\/index.php\/wp-json\/wp\/v2\/pages\/323\/revisions\/330"}],"up":[{"embeddable":true,"href":"https:\/\/www.lestudiodefaillouel.fr\/index.php\/wp-json\/wp\/v2\/pages\/52"}],"wp:featuredmedia":[{"embeddable":true,"href":"https:\/\/www.lestudiodefaillouel.fr\/index.php\/wp-json\/wp\/v2\/media\/324"}],"wp:attachment":[{"href":"https:\/\/www.lestudiodefaillouel.fr\/index.php\/wp-json\/wp\/v2\/media?parent=323"}],"curies":[{"name":"wp","href":"https:\/\/api.w.org\/{rel}","templated":true}]}}